{"id":1117,"date":"2024-06-19T18:23:36","date_gmt":"2024-06-19T16:23:36","guid":{"rendered":"https:\/\/prodafi.cz\/removal-of-pigeon-droppings\/"},"modified":"2024-08-23T17:06:11","modified_gmt":"2024-08-23T15:06:11","slug":"removal-of-pigeon-droppings","status":"publish","type":"page","link":"https:\/\/prodafi.cz\/en\/removal-of-pigeon-droppings\/","title":{"rendered":"Removal of pigeon droppings"},"content":{"rendered":"\t\t<div data-elementor-type=\"wp-page\" data-elementor-id=\"1117\" class=\"elementor elementor-1117 elementor-572\" data-elementor-post-type=\"page\">\n\t\t\t\t<div class=\"elementor-element elementor-element-375a8133 e-flex e-con-boxed e-con e-parent\" data-id=\"375a8133\" data-element_type=\"container\" data-e-type=\"container\" data-settings=\"{&quot;background_background&quot;:&quot;gradient&quot;,&quot;shape_divider_bottom&quot;:&quot;waves&quot;}\">\n\t\t\t\t\t<div class=\"e-con-inner\">\n\t\t\t\t<div class=\"elementor-shape elementor-shape-bottom\" aria-hidden=\"true\" data-negative=\"false\">\n\t\t\t<svg xmlns=\"http:\/\/www.w3.org\/2000\/svg\" viewBox=\"0 0 1000 100\" preserveAspectRatio=\"none\">\n\t<path class=\"elementor-shape-fill\" d=\"M421.9,6.5c22.6-2.5,51.5,0.4,75.5,5.3c23.6,4.9,70.9,23.5,100.5,35.7c75.8,32.2,133.7,44.5,192.6,49.7\n\tc23.6,2.1,48.7,3.5,103.4-2.5c54.7-6,106.2-25.6,106.2-25.6V0H0v30.3c0,0,72,32.6,158.4,30.5c39.2-0.7,92.8-6.7,134-22.4\n\tc21.2-8.1,52.2-18.2,79.7-24.2C399.3,7.9,411.6,7.5,421.9,6.5z\"\/>\n<\/svg>\t\t<\/div>\n\t\t\t\t<div class=\"elementor-element elementor-element-62217ae1 elementor-widget elementor-widget-heading\" data-id=\"62217ae1\" data-element_type=\"widget\" data-e-type=\"widget\" data-widget_type=\"heading.default\">\n\t\t\t\t<div class=\"elementor-widget-container\">\n\t\t\t\t\t<h1 class=\"elementor-heading-title elementor-size-default\">Removal of pigeon droppings<\/h1>\t\t\t\t<\/div>\n\t\t\t\t<\/div>\n\t\t\t\t<div class=\"elementor-element elementor-element-2d94832a elementor-widget elementor-widget-heading\" data-id=\"2d94832a\" data-element_type=\"widget\" data-e-type=\"widget\" data-widget_type=\"heading.default\">\n\t\t\t\t<div class=\"elementor-widget-container\">\n\t\t\t\t\t<h3 class=\"elementor-heading-title elementor-size-default\">after the season or when selling and renting<\/h3>\t\t\t\t<\/div>\n\t\t\t\t<\/div>\n\t\t\t\t\t<\/div>\n\t\t\t\t<\/div>\n\t\t<div class=\"elementor-element elementor-element-317dc003 e-flex e-con-boxed e-con e-parent\" data-id=\"317dc003\" data-element_type=\"container\" data-e-type=\"container\" data-settings=\"{&quot;background_background&quot;:&quot;classic&quot;}\">\n\t\t\t\t\t<div class=\"e-con-inner\">\n\t\t<div class=\"elementor-element elementor-element-384a967 e-flex e-con-boxed e-con e-child\" data-id=\"384a967\" data-element_type=\"container\" data-e-type=\"container\">\n\t\t\t\t\t<div class=\"e-con-inner\">\n\t\t\t\t<div class=\"elementor-element elementor-element-b57baf2 elementor-widget elementor-widget-heading\" data-id=\"b57baf2\" data-element_type=\"widget\" data-e-type=\"widget\" data-widget_type=\"heading.default\">\n\t\t\t\t<div class=\"elementor-widget-container\">\n\t\t\t\t\t<h2 class=\"elementor-heading-title elementor-size-default\">Cleaning and disposal of pigeon droppings and other bird droppings.<\/h2>\t\t\t\t<\/div>\n\t\t\t\t<\/div>\n\t\t\t\t<div class=\"elementor-element elementor-element-1a751b13 elementor-widget elementor-widget-image\" data-id=\"1a751b13\" data-element_type=\"widget\" data-e-type=\"widget\" data-widget_type=\"image.default\">\n\t\t\t\t<div class=\"elementor-widget-container\">\n\t\t\t\t\t\t\t\t\t\t\t\t\t\t\t<img decoding=\"async\" src=\"https:\/\/prodafi.cz\/wp-content\/uploads\/elementor\/thumbs\/IMG20240301105604-scaled-e1718821613297-r1girnbfcjput1dewfrb7cs3xfhb8fvr3ryz3vauq8.jpg\" title=\"odstraneni holubiho trusu\" alt=\"odstraneni holubiho trusu\" loading=\"lazy\" \/>\t\t\t\t\t\t\t\t\t\t\t\t\t\t\t<\/div>\n\t\t\t\t<\/div>\n\t\t\t\t\t<\/div>\n\t\t\t\t<\/div>\n\t\t<div class=\"elementor-element elementor-element-74d7ddf0 e-con-full e-flex e-con e-child\" data-id=\"74d7ddf0\" data-element_type=\"container\" data-e-type=\"container\">\n\t\t<div class=\"elementor-element elementor-element-b8f27bf e-con-full e-flex e-con e-child\" data-id=\"b8f27bf\" data-element_type=\"container\" data-e-type=\"container\">\n\t\t\t\t<div class=\"elementor-element elementor-element-5509671b elementor-widget elementor-widget-heading\" data-id=\"5509671b\" data-element_type=\"widget\" data-e-type=\"widget\" data-widget_type=\"heading.default\">\n\t\t\t\t<div class=\"elementor-widget-container\">\n\t\t\t\t\t<h3 class=\"elementor-heading-title elementor-size-default\">Cleaning and cleaning of pigeon droppings<\/h3>\t\t\t\t<\/div>\n\t\t\t\t<\/div>\n\t\t\t\t<\/div>\n\t\t<div class=\"elementor-element elementor-element-15da6915 e-con-full e-flex e-con e-child\" data-id=\"15da6915\" data-element_type=\"container\" data-e-type=\"container\">\n\t\t\t\t<div class=\"elementor-element elementor-element-1d5e112c elementor-widget elementor-widget-text-editor\" data-id=\"1d5e112c\" data-element_type=\"widget\" data-e-type=\"widget\" data-widget_type=\"text-editor.default\">\n\t\t\t\t<div class=\"elementor-widget-container\">\n\t\t\t\t\t\t\t\t\t<div class=\"col-lg-6\">\n<div class=\"pr-xl-13\">\n<div class=\"col-lg-6\">\n<div class=\"pr-xl-13\">\n<p class=\"gr-text-8 mb-7 mb-lg-10\">Do you need to <b>remove pigeon droppings<\/b> from your windowsills, balcony, terrace, glass atrium, loggia or attic? We provide cleaning of bird droppings from mechanical cleaning to disinfection.<\/p>\n<p class=\"gr-text-8 mb-0\">Contact us at <b>778 550 134<\/b> or <a href=\"mailto:info@prodafi.cz\"><b>info@prodafi.cz<\/b><\/a>. We&#8217;ll arrange a date and price for the clearance.<\/p>\n<\/div>\n<\/div>\n<\/div>\n<\/div>\n\t\t\t\t\t\t\t\t<\/div>\n\t\t\t\t<\/div>\n\t\t\t\t<\/div>\n\t\t\t\t<\/div>\n\t\t<div class=\"elementor-element elementor-element-2e81c3da e-con-full e-flex e-con e-child\" data-id=\"2e81c3da\" data-element_type=\"container\" data-e-type=\"container\">\n\t\t<div class=\"elementor-element elementor-element-1b65bf9 e-con-full e-flex e-con e-child\" data-id=\"1b65bf9\" data-element_type=\"container\" data-e-type=\"container\">\n\t\t\t\t<div class=\"elementor-element elementor-element-23a1903d elementor-widget elementor-widget-heading\" data-id=\"23a1903d\" data-element_type=\"widget\" data-e-type=\"widget\" data-widget_type=\"heading.default\">\n\t\t\t\t<div class=\"elementor-widget-container\">\n\t\t\t\t\t<h3 class=\"elementor-heading-title elementor-size-default\">Remove bird droppings and disinfect<\/h3>\t\t\t\t<\/div>\n\t\t\t\t<\/div>\n\t\t\t\t<\/div>\n\t\t<div class=\"elementor-element elementor-element-15cecbbb e-con-full e-flex e-con e-child\" data-id=\"15cecbbb\" data-element_type=\"container\" data-e-type=\"container\">\n\t\t\t\t<div class=\"elementor-element elementor-element-649fae5e elementor-widget elementor-widget-text-editor\" data-id=\"649fae5e\" data-element_type=\"widget\" data-e-type=\"widget\" data-widget_type=\"text-editor.default\">\n\t\t\t\t<div class=\"elementor-widget-container\">\n\t\t\t\t\t\t\t\t\t<div class=\"col-lg-6\">\n<div class=\"pr-xl-13\">\n<div class=\"col-lg-6\">\n<div class=\"pr-xl-13\">\n<div class=\"col-lg-6\">\n<div class=\"pr-xl-13\">\n<p class=\"gr-text-8 mb-7 mb-lg-10\">Pigeon and bird droppings belong to the category of hazardous waste, which is handled carefully and in accordance with current legislation. We will come, mechanically remove pigeon droppings and disinfect all surfaces on your balcony, windowsill or attic. The pigeon droppings are then taken away and disposed of.<\/p>\n<p class=\"gr-text-8 mb-0\">We provide installation and assembly of nets, spikes, or repair of facades, which include elevation work.<\/p>\n<\/div>\n<\/div>\n<\/div>\n<\/div>\n<\/div>\n<\/div>\n\t\t\t\t\t\t\t\t<\/div>\n\t\t\t\t<\/div>\n\t\t\t\t<\/div>\n\t\t\t\t<\/div>\n\t\t<div class=\"elementor-element elementor-element-1174c231 e-con-full e-flex e-con e-child\" data-id=\"1174c231\" data-element_type=\"container\" data-e-type=\"container\">\n\t\t<div class=\"elementor-element elementor-element-7cd2772 e-con-full e-flex e-con e-child\" data-id=\"7cd2772\" data-element_type=\"container\" data-e-type=\"container\">\n\t\t\t\t<div class=\"elementor-element elementor-element-1d6a8dd3 elementor-widget elementor-widget-heading\" data-id=\"1d6a8dd3\" data-element_type=\"widget\" data-e-type=\"widget\" data-widget_type=\"heading.default\">\n\t\t\t\t<div class=\"elementor-widget-container\">\n\t\t\t\t\t<h3 class=\"elementor-heading-title elementor-size-default\">Pigeon droppings removal locations<\/h3>\t\t\t\t<\/div>\n\t\t\t\t<\/div>\n\t\t\t\t<\/div>\n\t\t<div class=\"elementor-element elementor-element-31536e78 e-con-full e-flex e-con e-child\" data-id=\"31536e78\" data-element_type=\"container\" data-e-type=\"container\">\n\t\t\t\t<div class=\"elementor-element elementor-element-4a136a80 elementor-widget elementor-widget-text-editor\" data-id=\"4a136a80\" data-element_type=\"widget\" data-e-type=\"widget\" data-widget_type=\"text-editor.default\">\n\t\t\t\t<div class=\"elementor-widget-container\">\n\t\t\t\t\t\t\t\t\t<div class=\"col-lg-6\">\n<div class=\"pr-xl-13\">\n<div class=\"col-lg-6\">\n<div class=\"pr-xl-13\">\n<div class=\"col-lg-6\">\n<div class=\"pr-xl-13\">\n<p class=\"gr-text-8 mb-7 mb-lg-10\"><b>We dispose of pigeon droppings throughout the Czech Republic.<\/b>  Most often you can meet us in Prague and its surroundings. We will be happy to visit you in other cities and towns: Brno, Ostrava, Pilsen, Liberec, Olomouc, \u010cesk\u00e9 Bud\u011bjovice, Hradec Kr\u00e1lov\u00e9, \u00dast\u00ed nad labem, Pardubice, Zl\u00edn, Kladno, Opava, Jihlava, D\u011b\u010d\u00edn, Karlovy Vary and others.<\/p>\n<\/div>\n<\/div>\n<\/div>\n<\/div>\n<\/div>\n<\/div>\n\t\t\t\t\t\t\t\t<\/div>\n\t\t\t\t<\/div>\n\t\t\t\t<\/div>\n\t\t\t\t<\/div>\n\t\t<div class=\"elementor-element elementor-element-449fa276 e-con-full e-flex e-con e-child\" data-id=\"449fa276\" data-element_type=\"container\" data-e-type=\"container\">\n\t\t<div class=\"elementor-element elementor-element-11879695 e-con-full e-flex e-con e-child\" data-id=\"11879695\" data-element_type=\"container\" data-e-type=\"container\">\n\t\t\t\t<div class=\"elementor-element elementor-element-2cf46aff elementor-widget elementor-widget-heading\" data-id=\"2cf46aff\" data-element_type=\"widget\" data-e-type=\"widget\" data-widget_type=\"heading.default\">\n\t\t\t\t<div class=\"elementor-widget-container\">\n\t\t\t\t\t<h3 class=\"elementor-heading-title elementor-size-default\">Price for cleaning and disposal of pigeon droppings<\/h3>\t\t\t\t<\/div>\n\t\t\t\t<\/div>\n\t\t\t\t<\/div>\n\t\t<div class=\"elementor-element elementor-element-8aec6f3 e-con-full e-flex e-con e-child\" data-id=\"8aec6f3\" data-element_type=\"container\" data-e-type=\"container\">\n\t\t\t\t<div class=\"elementor-element elementor-element-73f35284 elementor-widget elementor-widget-text-editor\" data-id=\"73f35284\" data-element_type=\"widget\" data-e-type=\"widget\" data-widget_type=\"text-editor.default\">\n\t\t\t\t<div class=\"elementor-widget-container\">\n\t\t\t\t\t\t\t\t\t<div class=\"col-lg-6\">\n<div class=\"pr-xl-13\">\n<div class=\"col-lg-6\">\n<div class=\"pr-xl-13\">\n<div class=\"col-lg-6\">\n<div class=\"pr-xl-13\">\n<div class=\"col-lg-6\">\n<div class=\"pr-xl-13\">\n<p class=\"gr-text-8 mb-0\">The price always depends on the amount of waste and the difficulty of the clean-up. We always agree on the price in advance. Write to <a href=\"mailto:info@prodafi.cz\"><b>info@prodafi.cz<\/b><\/a> or call <b>778 550 134<\/b> for a free estimate.<\/p>\n<\/div>\n<\/div>\n<\/div>\n<\/div>\n<\/div>\n<\/div>\n<\/div>\n<\/div>\n\t\t\t\t\t\t\t\t<\/div>\n\t\t\t\t<\/div>\n\t\t\t\t<\/div>\n\t\t\t\t<\/div>\n\t\t<div class=\"elementor-element elementor-element-2f6e17ed e-con-full e-flex e-con e-child\" data-id=\"2f6e17ed\" data-element_type=\"container\" data-e-type=\"container\">\n\t\t<div class=\"elementor-element elementor-element-486a096c e-con-full e-flex e-con e-child\" data-id=\"486a096c\" data-element_type=\"container\" data-e-type=\"container\">\n\t\t\t\t<div class=\"elementor-element elementor-element-163dc7b elementor-widget elementor-widget-heading\" data-id=\"163dc7b\" data-element_type=\"widget\" data-e-type=\"widget\" data-widget_type=\"heading.default\">\n\t\t\t\t<div class=\"elementor-widget-container\">\n\t\t\t\t\t<h3 class=\"elementor-heading-title elementor-size-default\">  How to dispose of pigeon droppings and where to take them  <\/h3>\t\t\t\t<\/div>\n\t\t\t\t<\/div>\n\t\t\t\t<\/div>\n\t\t<div class=\"elementor-element elementor-element-13d6205e e-con-full e-flex e-con e-child\" data-id=\"13d6205e\" data-element_type=\"container\" data-e-type=\"container\">\n\t\t\t\t<div class=\"elementor-element elementor-element-182f13ce elementor-widget elementor-widget-text-editor\" data-id=\"182f13ce\" data-element_type=\"widget\" data-e-type=\"widget\" data-widget_type=\"text-editor.default\">\n\t\t\t\t<div class=\"elementor-widget-container\">\n\t\t\t\t\t\t\t\t\t<div class=\"col-lg-6\">\n<div class=\"pr-xl-13\">\n<div class=\"col-lg-6\">\n<div class=\"pr-xl-13\">\n<div class=\"col-lg-6\">\n<div class=\"pr-xl-13\">\n<div class=\"col-lg-6\">\n<div class=\"pr-xl-13\">\n<div class=\"col-lg-6\">\n<div class=\"pr-xl-13\">\n<p class=\"gr-text-8 mb-7 mb-lg-10\">Untidy balconies left by pigeons <b>are unaesthetic<\/b> and make it difficult to use the space for personal purposes as well as for corporate events. In addition, pigeon droppings and dead pigeons can be a <b>source of pathogenic microorganisms<\/b> that aggravate allergies and lead to respiratory problems and infectious diseases.<\/p>\n<p class=\"gr-text-8 mb-7 mb-lg-10\">If you <b>are going to dispose of pigeon and other bird droppings yourself<\/b>, treat bird droppings as hazardous waste:<\/p>\n<ul>\n<li>\n<p class=\"gr-text-8\">Provide a shovel or scraper and protective clothing,<\/p>\n<\/li>\n<li>\n<p class=\"gr-text-8\">remove the pigeon droppings carefully by scraping and put them in sturdy bags,<\/p>\n<\/li>\n<li>\n<p class=\"gr-text-8\">get cleaning products and scrub and scrub the residue,<\/p>\n<\/li>\n<li>\n<p class=\"gr-text-8\">wash the floor and surfaces again,<\/p>\n<\/li>\n<li>\n<p class=\"gr-text-8\">do not throw bird droppings in mixed waste, but dispose of them as hazardous waste!<\/p>\n<\/li>\n<\/ul>\n<p class=\"gr-text-8 mb-7 mb-lg-10\">Or call us for cleaning, removal and disposal. <b>You&#8217;ll save several hours of time<\/b> as well as additional money on special suits, equipment and disinfectants. Just one call to <b>778 550 134<\/b> and we&#8217;ll clean it up for you.<\/p>\n<\/div>\n<\/div>\n<\/div>\n<\/div>\n<\/div>\n<\/div>\n<\/div>\n<\/div>\n<\/div>\n<\/div>\n\t\t\t\t\t\t\t\t<\/div>\n\t\t\t\t<\/div>\n\t\t\t\t<\/div>\n\t\t\t\t<\/div>\n\t\t\t\t\t<\/div>\n\t\t\t\t<\/div>\n\t\t<div class=\"elementor-element elementor-element-70ec4c4b e-flex e-con-boxed e-con e-child\" data-id=\"70ec4c4b\" data-element_type=\"container\" data-e-type=\"container\">\n\t\t\t\t\t<div class=\"e-con-inner\">\n\t\t\t\t<div class=\"elementor-element elementor-element-453e3340 elementor-widget elementor-widget-heading\" data-id=\"453e3340\" data-element_type=\"widget\" data-e-type=\"widget\" data-widget_type=\"heading.default\">\n\t\t\t\t<div class=\"elementor-widget-container\">\n\t\t\t\t\t<h3 class=\"elementor-heading-title elementor-size-default\">We also provide clearance and removal of furniture in cities:<\/h3>\t\t\t\t<\/div>\n\t\t\t\t<\/div>\n\t\t\t\t<div class=\"elementor-element elementor-element-22c12dc9 elementor-widget elementor-widget-text-editor\" data-id=\"22c12dc9\" data-element_type=\"widget\" data-e-type=\"widget\" data-widget_type=\"text-editor.default\">\n\t\t\t\t<div class=\"elementor-widget-container\">\n\t\t\t\t\t\t\t\t\t<p>Ben\u00e1tky nad Jizerou, Beroun, Brand\u00fds nad Labem-Star\u00e1 Boleslav, \u010cel\u00e1kovice, \u010cerno\u0161ice, \u010cesk\u00fd Brod, \u010cesk\u00fd Krumlov, Dob\u0159ichovice, Dob\u0159\u00ed\u0161, Doln\u00ed B\u0159e\u017eany, Bene\u0161ov, Ho\u0159ovice, Hradec Kr\u00e1lov\u00e9, Hr\u00e1dek nad Nisou, Humpolec, Jesenice, J\u00edlov\u00e9 u Prahy, Kladno, Kol\u00edn, Klecany, Kralupy nad Vltavou, Kr\u00e1l\u016fv Dv\u016fr, K\u0159ivokl\u00e1t, Kutn\u00e1 Hora, Lib\u010dice nad Vltavou, Liberec, Louny, M\u011bln\u00edk, Mlad\u00e1 Boleslav, Mn\u00ed\u0161ek pod Brdy, Mnichovo Hradi\u0161t\u011b, Mod\u0159any, Nymburk, Nov\u00e9 Stra\u0161ec\u00ed, Nov\u00fd Byd\u017eov, N\u00fd\u0159any, Odolena Voda, Oko\u0159, Opatovice nad Labem, Opo\u010dno, Pardubice, Pec pod Sn\u011b\u017ekou, Pod\u011bbrady, Pr\u016fhonice, Rakovn\u00edk, Roztoky, \u0158\u00ed\u010dany, Sedl\u010dany, Slan\u00fd, Sme\u010dno, Stochov, Strakonice, St\u0159\u00edbrn\u00e1 Skalice, Suchdol nad Lu\u017enic\u00ed, Su\u0161ice, Sv\u011btl\u00e1 nad S\u00e1zavou, Teplice, T\u00fdnec nad Labem, \u00davaly, Velk\u00e9 Popovice, Vestec, Vla\u0161im, Vod\u0148any, Votice, V\u0161enory, Vysok\u00fd Chlumec, Zdice, Zru\u010d nad S\u00e1zavou, Zru\u010d-Senec, \u017datec, \u017d\u010f\u00e1r, \u017delezn\u00fd Brod, \u017delev\u010dice, \u017dirovnice, \u017dlutice.<\/p>\n\t\t\t\t\t\t\t\t<\/div>\n\t\t\t\t<\/div>\n\t\t\t\t\t<\/div>\n\t\t\t\t<\/div>\n\t\t<div class=\"elementor-element elementor-element-5481c3a3 e-flex e-con-boxed e-con e-parent\" data-id=\"5481c3a3\" data-element_type=\"container\" data-e-type=\"container\" data-settings=\"{&quot;background_background&quot;:&quot;gradient&quot;,&quot;shape_divider_top&quot;:&quot;waves&quot;}\">\n\t\t\t\t\t<div class=\"e-con-inner\">\n\t\t\t\t<div class=\"elementor-shape elementor-shape-top\" aria-hidden=\"true\" data-negative=\"false\">\n\t\t\t<svg xmlns=\"http:\/\/www.w3.org\/2000\/svg\" viewBox=\"0 0 1000 100\" preserveAspectRatio=\"none\">\n\t<path class=\"elementor-shape-fill\" d=\"M421.9,6.5c22.6-2.5,51.5,0.4,75.5,5.3c23.6,4.9,70.9,23.5,100.5,35.7c75.8,32.2,133.7,44.5,192.6,49.7\n\tc23.6,2.1,48.7,3.5,103.4-2.5c54.7-6,106.2-25.6,106.2-25.6V0H0v30.3c0,0,72,32.6,158.4,30.5c39.2-0.7,92.8-6.7,134-22.4\n\tc21.2-8.1,52.2-18.2,79.7-24.2C399.3,7.9,411.6,7.5,421.9,6.5z\"\/>\n<\/svg>\t\t<\/div>\n\t\t<div class=\"elementor-element elementor-element-46896c44 e-con-full e-flex e-con e-child\" data-id=\"46896c44\" data-element_type=\"container\" data-e-type=\"container\">\n\t\t\t\t<div class=\"elementor-element elementor-element-1700c50 elementor-widget elementor-widget-heading\" data-id=\"1700c50\" data-element_type=\"widget\" data-e-type=\"widget\" data-widget_type=\"heading.default\">\n\t\t\t\t<div class=\"elementor-widget-container\">\n\t\t\t\t\t<h4 class=\"elementor-heading-title elementor-size-default\">Contact us without obligation. We'll be in touch.<\/h4>\t\t\t\t<\/div>\n\t\t\t\t<\/div>\n\t\t\t\t<div class=\"elementor-element elementor-element-68fe5d elementor-widget elementor-widget-heading\" data-id=\"68fe5d\" data-element_type=\"widget\" data-e-type=\"widget\" data-widget_type=\"heading.default\">\n\t\t\t\t<div class=\"elementor-widget-container\">\n\t\t\t\t\t<h2 class=\"elementor-heading-title elementor-size-default\">We provide apartment clearance services in Prague 6, Prague 10, Prague 8 and other parts of Prague - do not hesitate to contact us and we will prepare a tailor-made offer for you.<\/h2>\t\t\t\t<\/div>\n\t\t\t\t<\/div>\n\t\t\t\t<div class=\"elementor-element elementor-element-389fb2fe elementor-mobile-align-center elementor-widget elementor-widget-button\" data-id=\"389fb2fe\" data-element_type=\"widget\" data-e-type=\"widget\" data-widget_type=\"button.default\">\n\t\t\t\t<div class=\"elementor-widget-container\">\n\t\t\t\t\t\t\t\t\t<div class=\"elementor-button-wrapper\">\n\t\t\t\t\t<a class=\"elementor-button elementor-button-link elementor-size-md\" href=\"https:\/\/prodafi.cz\/en\/contact\/\">\n\t\t\t\t\t\t<span class=\"elementor-button-content-wrapper\">\n\t\t\t\t\t\t<span class=\"elementor-button-icon\">\n\t\t\t\t<svg aria-hidden=\"true\" class=\"e-font-icon-svg e-fas-arrow-right\" viewBox=\"0 0 448 512\" xmlns=\"http:\/\/www.w3.org\/2000\/svg\"><path d=\"M190.5 66.9l22.2-22.2c9.4-9.4 24.6-9.4 33.9 0L441 239c9.4 9.4 9.4 24.6 0 33.9L246.6 467.3c-9.4 9.4-24.6 9.4-33.9 0l-22.2-22.2c-9.5-9.5-9.3-25 .4-34.3L311.4 296H24c-13.3 0-24-10.7-24-24v-32c0-13.3 10.7-24 24-24h287.4L190.9 101.2c-9.8-9.3-10-24.8-.4-34.3z\"><\/path><\/svg>\t\t\t<\/span>\n\t\t\t\t\t\t\t\t\t<span class=\"elementor-button-text\">Get a non-binding offer<\/span>\n\t\t\t\t\t<\/span>\n\t\t\t\t\t<\/a>\n\t\t\t\t<\/div>\n\t\t\t\t\t\t\t\t<\/div>\n\t\t\t\t<\/div>\n\t\t\t\t<\/div>\n\t\t<div class=\"elementor-element elementor-element-280aa4b3 e-con-full e-flex e-con e-child\" data-id=\"280aa4b3\" data-element_type=\"container\" data-e-type=\"container\">\n\t\t\t\t<div class=\"elementor-element elementor-element-6a211b8 elementor-widget elementor-widget-global elementor-global-697 elementor-widget-image\" data-id=\"6a211b8\" data-element_type=\"widget\" data-e-type=\"widget\" data-settings=\"{&quot;motion_fx_motion_fx_scrolling&quot;:&quot;yes&quot;,&quot;motion_fx_translateY_effect&quot;:&quot;yes&quot;,&quot;motion_fx_translateY_direction&quot;:&quot;negative&quot;,&quot;motion_fx_translateY_speed&quot;:{&quot;unit&quot;:&quot;px&quot;,&quot;size&quot;:&quot;1&quot;,&quot;sizes&quot;:[]},&quot;motion_fx_devices&quot;:[&quot;desktop&quot;,&quot;tablet&quot;],&quot;motion_fx_translateY_affectedRange&quot;:{&quot;unit&quot;:&quot;%&quot;,&quot;size&quot;:&quot;&quot;,&quot;sizes&quot;:{&quot;start&quot;:&quot;0&quot;,&quot;end&quot;:&quot;50&quot;}}}\" data-widget_type=\"image.default\">\n\t\t\t\t<div class=\"elementor-widget-container\">\n\t\t\t\t\t\t\t\t\t\t\t\t\t\t\t<img fetchpriority=\"high\" decoding=\"async\" width=\"2560\" height=\"1925\" src=\"https:\/\/prodafi.cz\/wp-content\/uploads\/2024\/06\/IMG20230927141542-scaled.jpg\" class=\"attachment-full size-full wp-image-1057\" alt=\"\" srcset=\"https:\/\/prodafi.cz\/wp-content\/uploads\/2024\/06\/IMG20230927141542-scaled.jpg 2560w, https:\/\/prodafi.cz\/wp-content\/uploads\/2024\/06\/IMG20230927141542-300x226.jpg 300w, https:\/\/prodafi.cz\/wp-content\/uploads\/2024\/06\/IMG20230927141542-1024x770.jpg 1024w, https:\/\/prodafi.cz\/wp-content\/uploads\/2024\/06\/IMG20230927141542-768x578.jpg 768w, https:\/\/prodafi.cz\/wp-content\/uploads\/2024\/06\/IMG20230927141542-1536x1155.jpg 1536w, https:\/\/prodafi.cz\/wp-content\/uploads\/2024\/06\/IMG20230927141542-2048x1540.jpg 2048w\" sizes=\"(max-width: 2560px) 100vw, 2560px\" \/>\t\t\t\t\t\t\t\t\t\t\t\t\t\t\t<\/div>\n\t\t\t\t<\/div>\n\t\t\t\t<\/div>\n\t\t\t\t\t<\/div>\n\t\t\t\t<\/div>\n\t\t\t\t<\/div>\n\t\t","protected":false},"excerpt":{"rendered":"<p>Removal of pigeon droppings after the season or when selling and renting Cleaning and disposal of pigeon droppings and other [&hellip;]<\/p>\n","protected":false},"author":1,"featured_media":0,"parent":0,"menu_order":0,"comment_status":"closed","ping_status":"closed","template":"","meta":{"site-sidebar-layout":"no-sidebar","site-content-layout":"","ast-site-content-layout":"full-width-container","site-content-style":"default","site-sidebar-style":"default","ast-global-header-display":"","ast-banner-title-visibility":"","ast-main-header-display":"","ast-hfb-above-header-display":"","ast-hfb-below-header-display":"","ast-hfb-mobile-header-display":"","site-post-title":"disabled","ast-breadcrumbs-content":"","ast-featured-img":"disabled","footer-sml-layout":"","ast-disable-related-posts":"","theme-transparent-header-meta":"","adv-header-id-meta":"","stick-header-meta":"","header-above-stick-meta":"","header-main-stick-meta":"","header-below-stick-meta":"","astra-migrate-meta-layouts":"default","ast-page-background-enabled":"default","ast-page-background-meta":{"desktop":{"background-color":"var(--ast-global-color-4)","background-image":"","background-repeat":"repeat","background-position":"center center","background-size":"auto","background-attachment":"scroll","background-type":"","background-media":"","overlay-type":"","overlay-color":"","overlay-opacity":"","overlay-gradient":""},"tablet":{"background-color":"","background-image":"","background-repeat":"repeat","background-position":"center center","background-size":"auto","background-attachment":"scroll","background-type":"","background-media":"","overlay-type":"","overlay-color":"","overlay-opacity":"","overlay-gradient":""},"mobile":{"background-color":"","background-image":"","background-repeat":"repeat","background-position":"center center","background-size":"auto","background-attachment":"scroll","background-type":"","background-media":"","overlay-type":"","overlay-color":"","overlay-opacity":"","overlay-gradient":""}},"ast-content-background-meta":{"desktop":{"background-color":"var(--ast-global-color-5)","background-image":"","background-repeat":"repeat","background-position":"center center","background-size":"auto","background-attachment":"scroll","background-type":"","background-media":"","overlay-type":"","overlay-color":"","overlay-opacity":"","overlay-gradient":""},"tablet":{"background-color":"var(--ast-global-color-5)","background-image":"","background-repeat":"repeat","background-position":"center center","background-size":"auto","background-attachment":"scroll","background-type":"","background-media":"","overlay-type":"","overlay-color":"","overlay-opacity":"","overlay-gradient":""},"mobile":{"background-color":"var(--ast-global-color-5)","background-image":"","background-repeat":"repeat","background-position":"center center","background-size":"auto","background-attachment":"scroll","background-type":"","background-media":"","overlay-type":"","overlay-color":"","overlay-opacity":"","overlay-gradient":""}},"footnotes":""},"class_list":["post-1117","page","type-page","status-publish","hentry"],"_links":{"self":[{"href":"https:\/\/prodafi.cz\/en\/wp-json\/wp\/v2\/pages\/1117","targetHints":{"allow":["GET"]}}],"collection":[{"href":"https:\/\/prodafi.cz\/en\/wp-json\/wp\/v2\/pages"}],"about":[{"href":"https:\/\/prodafi.cz\/en\/wp-json\/wp\/v2\/types\/page"}],"author":[{"embeddable":true,"href":"https:\/\/prodafi.cz\/en\/wp-json\/wp\/v2\/users\/1"}],"replies":[{"embeddable":true,"href":"https:\/\/prodafi.cz\/en\/wp-json\/wp\/v2\/comments?post=1117"}],"version-history":[{"count":1,"href":"https:\/\/prodafi.cz\/en\/wp-json\/wp\/v2\/pages\/1117\/revisions"}],"predecessor-version":[{"id":1121,"href":"https:\/\/prodafi.cz\/en\/wp-json\/wp\/v2\/pages\/1117\/revisions\/1121"}],"wp:attachment":[{"href":"https:\/\/prodafi.cz\/en\/wp-json\/wp\/v2\/media?parent=1117"}],"curies":[{"name":"wp","href":"https:\/\/api.w.org\/{rel}","templated":true}]}}